{"id":664,"date":"2018-10-09T13:26:13","date_gmt":"2018-10-09T13:26:13","guid":{"rendered":"http:\/\/aarhus.select-themes.com\/?page_id=664"},"modified":"2018-10-09T13:26:13","modified_gmt":"2018-10-09T13:26:13","slug":"four-columns","status":"publish","type":"page","link":"https:\/\/planover.al\/en\/four-columns\/","title":{"rendered":"Four Columns"},"content":{"rendered":"<div class=\"qodef-row-grid-section-wrapper\"  ><div class=\"qodef-row-grid-section\"><div class=\"vc_row wpb_row vc_row-fluid\" ><div class=\"wpb_column vc_column_container vc_col-sm-12\"><div class=\"vc_column-inner\"><div class=\"wpb_wrapper\"><div class=\"qodef-portfolio-list-holder qodef-grid-list qodef-disable-bottom-space qodef-pl-gallery qodef-four-columns qodef-small-space qodef-pl-gallery-slide-from-image-right     qodef-pl-pag-load-more qodef-pl-has-filter qodef-filter-position-top     qodef-three-images-scrollable\"  data-type=\"gallery\" data-number-of-columns=\"four\" data-space-between-items=\"small\" data-number-of-items=\"12\" data-image-proportions=\"full\" data-enable-fixed-proportions=\"no\" data-enable-image-shadow=\"no\" data-category=\"projects\" data-orderby=\"date\" data-order=\"ASC\" data-item-style=\"gallery-slide-from-image-right\" data-enable-title=\"yes\" data-title-tag=\"h4\" data-enable-category=\"yes\" data-enable-count-images=\"yes\" data-enable-excerpt=\"no\" data-excerpt-length=\"20\" data-additional-data=\"year\" data-three-images=\"yes\" data-enable-boxed-layout=\"no\" data-pagination-type=\"load-more\" data-filter=\"yes\" data-filter-position=\"top\" data-filter-order-by=\"name\" data-enable-article-animation=\"no\" data-portfolio-slider-on=\"no\" data-enable-loop=\"yes\" data-enable-autoplay=\"yes\" data-slider-speed=\"5000\" data-slider-speed-animation=\"600\" data-enable-navigation=\"yes\" data-enable-pagination=\"yes\" data-max-num-pages=\"0\" data-next-page=\"2\">\n\t<div class=\"qodef-pl-filter-holder\" >\n    <div class=\"qodef-plf-inner\">\n                    <ul class=\"qodef-portfolio-filter-parent-categories clearfix\" >\n                <li class=\"qodef-all-filter qodef-parent-filter\" data-filter=\"\">\n                    <span>All<\/span>\n                <\/li>\n                                    <li class=\"qodef-parent-filter\" data-filter=\".portfolio-category-bare\" data-group-id=\"266\">\n                        <span>Bare<\/span>\n                    <\/li>\n                                    <li class=\"qodef-parent-filter\" data-filter=\".portfolio-category-fast-food\" data-group-id=\"268\">\n                        <span>Fast Food<\/span>\n                    <\/li>\n                                    <li class=\"qodef-parent-filter\" data-filter=\".portfolio-category-furre-buke\" data-group-id=\"274\">\n                        <span>Furr\u00eb Buke<\/span>\n                    <\/li>\n                                    <li class=\"qodef-parent-filter\" data-filter=\".portfolio-category-hoteleri\" data-group-id=\"267\">\n                        <span>Hoteleri<\/span>\n                    <\/li>\n                                    <li class=\"qodef-parent-filter\" data-filter=\".portfolio-category-kuzhina-komerciale\" data-group-id=\"269\">\n                        <span>Kuzhina Komerciale<\/span>\n                    <\/li>\n                                    <li class=\"qodef-parent-filter\" data-filter=\".portfolio-category-lounge\" data-group-id=\"272\">\n                        <span>Lounge<\/span>\n                    <\/li>\n                                    <li class=\"qodef-parent-filter\" data-filter=\".portfolio-category-pasticeri\" data-group-id=\"270\">\n                        <span>Pasti\u00e7eri<\/span>\n                    <\/li>\n                                    <li class=\"qodef-parent-filter\" data-filter=\".portfolio-category-projekte-te-reja\" data-group-id=\"271\">\n                        <span>Projekte t\u00eb reja<\/span>\n                    <\/li>\n                                    <li class=\"qodef-parent-filter\" data-filter=\".portfolio-category-restorante\" data-group-id=\"265\">\n                        <span>Restorante<\/span>\n                    <\/li>\n                            <\/ul>\n                    <\/div>\n<\/div>\n\n    <div class=\"qodef-pl-inner-holder\">\n        <div class=\"qodef-pl-inner qodef-outer-space  clearfix\">\n            <p class=\"qodef-pl-not-found\">Sorry, no posts matched your criteria.<\/p>        <\/div>\n    <\/div>\n\t<\/div><\/div><\/div><\/div><\/div><\/div><\/div>","protected":false},"excerpt":{"rendered":"All Bare Fast Food Furr\u00eb Buke Hoteleri Kuzhina Komerciale Lounge Pasti\u00e7eri Projekte t\u00eb reja Restorante Sorry, no posts matched your criteria.","protected":false},"author":1,"featured_media":0,"parent":0,"menu_order":0,"comment_status":"closed","ping_status":"closed","template":"full-width.php","meta":{"footnotes":""},"class_list":["post-664","page","type-page","status-publish","hentry"],"_links":{"self":[{"href":"https:\/\/planover.al\/en\/wp-json\/wp\/v2\/pages\/664","targetHints":{"allow":["GET"]}}],"collection":[{"href":"https:\/\/planover.al\/en\/wp-json\/wp\/v2\/pages"}],"about":[{"href":"https:\/\/planover.al\/en\/wp-json\/wp\/v2\/types\/page"}],"author":[{"embeddable":true,"href":"https:\/\/planover.al\/en\/wp-json\/wp\/v2\/users\/1"}],"replies":[{"embeddable":true,"href":"https:\/\/planover.al\/en\/wp-json\/wp\/v2\/comments?post=664"}],"version-history":[{"count":0,"href":"https:\/\/planover.al\/en\/wp-json\/wp\/v2\/pages\/664\/revisions"}],"wp:attachment":[{"href":"https:\/\/planover.al\/en\/wp-json\/wp\/v2\/media?parent=664"}],"curies":[{"name":"wp","href":"https:\/\/api.w.org\/{rel}","templated":true}]}}