{"id":762,"date":"2018-10-10T09:09:32","date_gmt":"2018-10-10T09:09:32","guid":{"rendered":"http:\/\/aarhus.select-themes.com\/?page_id=762"},"modified":"2021-09-21T11:11:21","modified_gmt":"2021-09-21T11:11:21","slug":"vlerat-tona","status":"publish","type":"page","link":"https:\/\/planover.al\/en\/vlerat-tona\/","title":{"rendered":"Vlerat tona"},"content":{"rendered":"<div class=\"qodef-row-grid-section-wrapper\"  ><div class=\"qodef-row-grid-section\"><div class=\"vc_row wpb_row vc_row-fluid vc_custom_1539169363320\" ><div class=\"wpb_column vc_column_container vc_col-sm-3\"><div class=\"vc_column-inner\"><div class=\"wpb_wrapper\"><div class=\"qodef-section-title-holder  qodef-st-standard qodef-st-title-left qodef-st-normal-space\" >\n\t<div class=\"qodef-st-inner\">\n\t\t\t\t\t<h4 class=\"qodef-st-title\" >\n\t\t\t\tVlerat tona\t\t\t<\/h4>\n\t\t\t\t    \t<\/div>\n<\/div><div class=\"vc_empty_space\"   style=\"height: 40px\"><span class=\"vc_empty_space_inner\"><\/span><\/div><\/div><\/div><\/div><div class=\"wpb_column vc_column_container vc_col-sm-4\"><div class=\"vc_column-inner\"><div class=\"wpb_wrapper\"><h4 class=\"qodef-custom-font-holder  qodef-cf-1303\" style=\"color: #ca5b38;margin: 0\" data-item-class=\"qodef-cf-1303\">\n\tPerfeksion<\/h4><p class=\"qodef-custom-font-holder  qodef-cf-8794\" style=\"text-align: justify;margin: 10px 0 0 0\" data-item-class=\"qodef-cf-8794\">\n\tNe gjithmon\u00eb japim m\u00eb t\u00eb mir\u00ebn: Jemi ambicioz dhe p\u00ebrpiqemi t\u2019i arrijm\u00eb qellimet duke i ushqyer me pasion ,pun\u00eb dhe vendosm\u00ebri. Ne gjithmon\u00eb synojm\u00eb p\u00ebr p\u00ebrsosm\u00ebri n\u00eb \u00e7do gj\u00eb q\u00eb b\u00ebjm\u00eb, q\u00eb nga projektet m\u00eb t\u00eb vogla e deri tek ato m\u00eb t\u00eb m\u00ebdha.<\/p><div class=\"vc_empty_space\"   style=\"height: 42px\"><span class=\"vc_empty_space_inner\"><\/span><\/div><h4 class=\"qodef-custom-font-holder  qodef-cf-4587\" style=\"color: #ca5b38;margin: 0\" data-item-class=\"qodef-cf-4587\">\n\tRigorozitet<\/h4><p class=\"qodef-custom-font-holder  qodef-cf-1593\" style=\"text-align: justify;margin: 10px 0 0 0\" data-item-class=\"qodef-cf-1593\">\n\tNe i arrijm\u00eb q\u00ebllimet tona me disipline ,rregull dhe vendosmeri gjate gjithe proceseve te punes tone<\/p><div class=\"vc_empty_space\"   style=\"height: 42px\"><span class=\"vc_empty_space_inner\"><\/span><\/div><h4 class=\"qodef-custom-font-holder  qodef-cf-2375\" style=\"color: #ca5b38;margin: 0\" data-item-class=\"qodef-cf-2375\">\n\tV\u00ebm\u00ebndje<\/h4><p class=\"qodef-custom-font-holder  qodef-cf-1887\" style=\"text-align: justify;margin: 10px 0 0 0\" data-item-class=\"qodef-cf-1887\">\n\tNe jemi t\u00eb v\u00ebmendsh\u00ebm ndaj nevojave t\u00eb klient\u00ebve tan\u00eb p\u00ebr t\u00eb p\u00ebrshatur dhe p\u00ebrmbushur k\u00ebrkesat e tyre me zgjuarsi efikasitet dhe shpejt\u00ebsi.<\/p><div class=\"vc_empty_space\"   style=\"height: 40px\"><span class=\"vc_empty_space_inner\"><\/span><\/div><\/div><\/div><\/div><div class=\"wpb_column vc_column_container vc_col-sm-1\"><div class=\"vc_column-inner vc_custom_1538653166268\"><div class=\"wpb_wrapper\"><\/div><\/div><\/div><div class=\"wpb_column vc_column_container vc_col-sm-4\"><div class=\"vc_column-inner\"><div class=\"wpb_wrapper\"><h4 class=\"qodef-custom-font-holder  qodef-cf-4352\" style=\"color: #ca5b38;margin: 0\" data-item-class=\"qodef-cf-4352\">\n\tBesimi<\/h4><p class=\"qodef-custom-font-holder  qodef-cf-9687\" style=\"text-align: justify;margin: 10px 0 0 0\" data-item-class=\"qodef-cf-9687\">\n\tNe punojm\u00eb me ndershm\u00ebri, transparenc\u00eb dhe respekt p\u00ebr t\u00eb nd\u00ebrtuar nj\u00eb marr\u00ebdh\u00ebnie besimi me klient\u00ebt tan\u00eb.<\/p><div class=\"vc_empty_space\"   style=\"height: 42px\"><span class=\"vc_empty_space_inner\"><\/span><\/div><h4 class=\"qodef-custom-font-holder  qodef-cf-1491\" style=\"text-align: justify;color: #ca5b38;margin: 0\" data-item-class=\"qodef-cf-1491\">\n\tVlerat njer\u00ebzore<\/h4><p class=\"qodef-custom-font-holder  qodef-cf-6574\" style=\"margin: 10px 0 0 0\" data-item-class=\"qodef-cf-6574\">\n\tNjer\u00ebzit jan\u00eb motori i pun\u00ebs son\u00eb. Ne i vler\u00ebsojm\u00eb punonj\u00ebsit tan\u00eb, duke i dh\u00ebn\u00eb hap\u00ebsir\u00eb mendimit alternativ dhe shum\u00ebllojshm\u00ebris\u00eb s\u00eb ideve dhe talenteve.<\/p><div class=\"vc_empty_space\"   style=\"height: 42px\"><span class=\"vc_empty_space_inner\"><\/span><\/div><h4 class=\"qodef-custom-font-holder  qodef-cf-5368\" style=\"color: #ca5b38;margin: 0\" data-item-class=\"qodef-cf-5368\">\n\tSkuadra jon\u00eb<\/h4><p class=\"qodef-custom-font-holder  qodef-cf-9763\" style=\"text-align: justify;margin: 10px 0 0 0\" data-item-class=\"qodef-cf-9763\">\n\tNga projektuesi tek konsulenti i shitjes, nga teknik\u00ebt tek menaxher\u00ebt e sh\u00ebrbimit. Nga shefat e kuzhines tek shefat e sall\u00ebs. Duke zgjedhur sh\u00ebrbimet tona ,ju keni gjetur mb\u00ebshtetjen e nj\u00eb grupi profesionist\u00ebsh t\u00eb trajnuar dhe proaktiv, me nj\u00eb pasion t\u00eb fort\u00eb p\u00ebr sh\u00ebrbimin e ushqimit dhe p\u00ebrvoj\u00ebn solide n\u00eb k\u00ebt\u00eb fush\u00eb. T\u00eb gjitha t\u00eb orientuara nga nj\u00eb stil i p\u00ebrbashk\u00ebt i nevojave t\u00eb klient\u00ebve p\u00ebr t\u00eb ofruar zgjidhjen m\u00eb t\u00eb p\u00ebrshtatshme.<\/p><div class=\"vc_empty_space\"   style=\"height: 40px\"><span class=\"vc_empty_space_inner\"><\/span><\/div><\/div><\/div><\/div><\/div><\/div><\/div>","protected":false},"excerpt":{"rendered":"Vlerat tona Perfeksion Ne gjithmon\u00eb japim m\u00eb t\u00eb mir\u00ebn: Jemi ambicioz dhe p\u00ebrpiqemi t\u2019i arrijm\u00eb qellimet duke i ushqyer me pasion ,pun\u00eb dhe vendosm\u00ebri. Ne gjithmon\u00eb synojm\u00eb p\u00ebr p\u00ebrsosm\u00ebri n\u00eb \u00e7do gj\u00eb q\u00eb b\u00ebjm\u00eb, q\u00eb nga projektet m\u00eb t\u00eb vogla [...]","protected":false},"author":1,"featured_media":0,"parent":0,"menu_order":0,"comment_status":"closed","ping_status":"closed","template":"full-width.php","meta":{"footnotes":""},"class_list":["post-762","page","type-page","status-publish","hentry"],"_links":{"self":[{"href":"https:\/\/planover.al\/en\/wp-json\/wp\/v2\/pages\/762","targetHints":{"allow":["GET"]}}],"collection":[{"href":"https:\/\/planover.al\/en\/wp-json\/wp\/v2\/pages"}],"about":[{"href":"https:\/\/planover.al\/en\/wp-json\/wp\/v2\/types\/page"}],"author":[{"embeddable":true,"href":"https:\/\/planover.al\/en\/wp-json\/wp\/v2\/users\/1"}],"replies":[{"embeddable":true,"href":"https:\/\/planover.al\/en\/wp-json\/wp\/v2\/comments?post=762"}],"version-history":[{"count":14,"href":"https:\/\/planover.al\/en\/wp-json\/wp\/v2\/pages\/762\/revisions"}],"predecessor-version":[{"id":5328,"href":"https:\/\/planover.al\/en\/wp-json\/wp\/v2\/pages\/762\/revisions\/5328"}],"wp:attachment":[{"href":"https:\/\/planover.al\/en\/wp-json\/wp\/v2\/media?parent=762"}],"curies":[{"name":"wp","href":"https:\/\/api.w.org\/{rel}","templated":true}]}}